{"id":1812,"date":"2025-02-21T16:48:10","date_gmt":"2025-02-21T15:48:10","guid":{"rendered":"https:\/\/lesgitesdesabine.fr\/?page_id=1812"},"modified":"2025-02-21T17:18:35","modified_gmt":"2025-02-21T16:18:35","slug":"programme-de-vacances","status":"publish","type":"page","link":"https:\/\/lesgitesdesabine.fr\/index.php\/programme-de-vacances\/","title":{"rendered":"Programme de Vacances"},"content":{"rendered":"\n[et_pb_section fb_built=\u00a0\u00bb1&Prime; _builder_version=\u00a0\u00bb4.21.0&Prime; _module_preset=\u00a0\u00bbdefault\u00a0\u00bb custom_padding=\u00a0\u00bb0px||0px|||\u00a0\u00bb global_colors_info=\u00a0\u00bb{}\u00a0\u00bb][et_pb_row _builder_version=\u00a0\u00bb4.23.4&Prime; _module_preset=\u00a0\u00bbdefault\u00a0\u00bb custom_padding=\u00a0\u00bb||5px|||\u00a0\u00bb global_colors_info=\u00a0\u00bb{}\u00a0\u00bb][et_pb_column type=\u00a0\u00bb4_4&Prime; _builder_version=\u00a0\u00bb4.23.4&Prime; _module_preset=\u00a0\u00bbdefault\u00a0\u00bb global_colors_info=\u00a0\u00bb{}\u00a0\u00bb][dsm_button button_one_text=\u00a0\u00bbRetour\u00a0\u00bb button_one_url=\u00a0\u00bbhttps:\/\/lesgitesdesabine.fr\/index.php\/planifiez-votre-sejour\/\u00a0\u00bb button_alignment=\u00a0\u00bbleft\u00a0\u00bb disabled_on=\u00a0\u00bboff|off|off\u00a0\u00bb _builder_version=\u00a0\u00bb4.23.4&Prime; _module_preset=\u00a0\u00bbdefault\u00a0\u00bb custom_button_one=\u00a0\u00bbon\u00a0\u00bb button_one_text_size=\u00a0\u00bb19px\u00a0\u00bb button_one_text_color=\u00a0\u00bb#FFFFFF\u00a0\u00bb button_one_bg_color=\u00a0\u00bb#5f8151&Prime; button_one_border_color=\u00a0\u00bb#5f8151&Prime; button_one_font=\u00a0\u00bbEB Garamond||||||||\u00a0\u00bb button_one_icon=\u00a0\u00bb&#x34;||divi||400&Prime; button_one_icon_placement=\u00a0\u00bbleft\u00a0\u00bb custom_margin=\u00a0\u00bb||23px||false|false\u00a0\u00bb global_colors_info=\u00a0\u00bb{}\u00a0\u00bb button_one_text_color__hover_enabled=\u00a0\u00bboff|desktop\u00a0\u00bb button_one_bg_color__hover_enabled=\u00a0\u00bboff|desktop\u00a0\u00bb button_one_bg_color__hover=\u00a0\u00bbRGBA(255,255,255,0)\u00a0\u00bb button_one_bg_enable_color__hover=\u00a0\u00bbon\u00a0\u00bb button_one_border_color__hover_enabled=\u00a0\u00bboff|desktop\u00a0\u00bb button_one_border_color__hover=\u00a0\u00bbRGBA(255,255,255,0)\u00a0\u00bb button_one_text_color__hover=\u00a0\u00bb#FFFFFF\u00a0\u00bb][\/dsm_button][et_pb_text _builder_version=\u00a0\u00bb4.23.4&Prime; _module_preset=\u00a0\u00bbdefault\u00a0\u00bb header_font=\u00a0\u00bbEB Garamond||||||||\u00a0\u00bb header_text_align=\u00a0\u00bbcenter\u00a0\u00bb header_text_color=\u00a0\u00bb#5f8151&Prime; custom_margin=\u00a0\u00bb||10px|||\u00a0\u00bb animation_style=\u00a0\u00bbfade\u00a0\u00bb global_colors_info=\u00a0\u00bb{}\u00a0\u00bb]<h1>Quel est votre choix de programme ?<\/h1>[\/et_pb_text][\/et_pb_column][\/et_pb_row][et_pb_row column_structure=\u00a0\u00bb1_2,1_2&Prime; use_custom_gutter=\u00a0\u00bbon\u00a0\u00bb gutter_width=\u00a0\u00bb2&Prime; make_equal=\u00a0\u00bbon\u00a0\u00bb _builder_version=\u00a0\u00bb4.23.4&Prime; _module_preset=\u00a0\u00bbdefault\u00a0\u00bb width=\u00a0\u00bb95%\u00a0\u00bb max_width=\u00a0\u00bb1493px\u00a0\u00bb custom_margin=\u00a0\u00bb|auto|-2px|auto||\u00a0\u00bb custom_padding=\u00a0\u00bb15px|||||\u00a0\u00bb hover_enabled=\u00a0\u00bb0&Prime; global_colors_info=\u00a0\u00bb{}\u00a0\u00bb sticky_enabled=\u00a0\u00bb0&Prime;][et_pb_column type=\u00a0\u00bb1_2&Prime; _builder_version=\u00a0\u00bb4.23.4&Prime; _module_preset=\u00a0\u00bbdefault\u00a0\u00bb hover_enabled=\u00a0\u00bb0&Prime; global_colors_info=\u00a0\u00bb{}\u00a0\u00bb sticky_enabled=\u00a0\u00bb0&Prime;][et_pb_slider _builder_version=\u00a0\u00bb4.23.4&Prime; _module_preset=\u00a0\u00bbdefault\u00a0\u00bb header_level=\u00a0\u00bbh3&Prime; header_font=\u00a0\u00bbEB Garamond||||||||\u00a0\u00bb header_font_size=\u00a0\u00bb23px\u00a0\u00bb custom_button=\u00a0\u00bbon\u00a0\u00bb button_text_size=\u00a0\u00bb21px\u00a0\u00bb button_text_color=\u00a0\u00bb#5f8151&Prime; button_bg_color=\u00a0\u00bb#FFFFFF\u00a0\u00bb button_border_color=\u00a0\u00bb#5f8151&Prime; button_font=\u00a0\u00bbEB Garamond||||||||\u00a0\u00bb button_use_icon=\u00a0\u00bboff\u00a0\u00bb custom_padding=\u00a0\u00bb151px||151px||true|false\u00a0\u00bb custom_padding_tablet=\u00a0\u00bb151px||151px||true|false\u00a0\u00bb custom_padding_phone=\u00a0\u00bb70px||70px||true|false\u00a0\u00bb custom_padding_last_edited=\u00a0\u00bbon|desktop\u00a0\u00bb animation_style=\u00a0\u00bbslide\u00a0\u00bb animation_direction=\u00a0\u00bbleft\u00a0\u00bb link_option_url=\u00a0\u00bbhttps:\/\/lesgitesdesabine.fr\/index.php\/4-jours-de-visite-en-provence\/\u00a0\u00bb hover_enabled=\u00a0\u00bb0&Prime; box_shadow_style=\u00a0\u00bbpreset1&Prime; box_shadow_color=\u00a0\u00bbRGBA(255,255,255,0)\u00a0\u00bb global_colors_info=\u00a0\u00bb{}\u00a0\u00bb transform_styles__hover_enabled=\u00a0\u00bboff|hover\u00a0\u00bb transform_scale__hover_enabled=\u00a0\u00bboff|hover\u00a0\u00bb transform_translate__hover_enabled=\u00a0\u00bboff|hover\u00a0\u00bb transform_rotate__hover_enabled=\u00a0\u00bboff|hover\u00a0\u00bb transform_skew__hover_enabled=\u00a0\u00bboff|hover\u00a0\u00bb transform_origin__hover_enabled=\u00a0\u00bboff|hover\u00a0\u00bb button_bg_color__hover_enabled=\u00a0\u00bbon|desktop\u00a0\u00bb button_bg_color__hover=\u00a0\u00bb#5f8151&Prime; button_bg_enable_color__hover=\u00a0\u00bbon\u00a0\u00bb button_border_color__hover_enabled=\u00a0\u00bboff|desktop\u00a0\u00bb button_border_color__hover=\u00a0\u00bb#5f8151&Prime; button_text_color__hover_enabled=\u00a0\u00bbon|hover\u00a0\u00bb button_text_color__hover=\u00a0\u00bb#FFFFFF\u00a0\u00bb transform_scale__hover=\u00a0\u00bb121%|121%\u00a0\u00bb box_shadow_spread__hover_enabled=\u00a0\u00bbon|hover\u00a0\u00bb box_shadow_spread__hover=\u00a0\u00bb0px\u00a0\u00bb box_shadow_color__hover_enabled=\u00a0\u00bbon|hover\u00a0\u00bb box_shadow_color__hover=\u00a0\u00bbrgba(0,0,0,0.62)\u00a0\u00bb sticky_enabled=\u00a0\u00bb0&Prime;][et_pb_slide heading=\u00a0\u00bb4 jours de visite en Provence\u00a0\u00bb button_text=\u00a0\u00bbCliquez ici\u00a0\u00bb button_link=\u00a0\u00bbhttps:\/\/lesgitesdesabine.fr\/index.php\/4-jours-de-visite-en-provence\/\u00a0\u00bb _builder_version=\u00a0\u00bb4.23.4&Prime; _module_preset=\u00a0\u00bbdefault\u00a0\u00bb header_level=\u00a0\u00bbh3&Prime; header_font=\u00a0\u00bbEB Garamond|600||on|||||\u00a0\u00bb header_font_size=\u00a0\u00bb40px\u00a0\u00bb header_letter_spacing=\u00a0\u00bb1px\u00a0\u00bb background_enable_color=\u00a0\u00bboff\u00a0\u00bb background_image=\u00a0\u00bbhttp:\/\/lesgitesdesabine.fr\/wp-content\/uploads\/2025\/02\/4-jours-en-Provence.jpg\u00a0\u00bb background_enable_image=\u00a0\u00bbon\u00a0\u00bb link_option_url=\u00a0\u00bbhttps:\/\/lesgitesdesabine.fr\/index.php\/4-jours-de-visite-en-provence\/\u00a0\u00bb hover_enabled=\u00a0\u00bb0&Prime; header_font_size_tablet=\u00a0\u00bb43px\u00a0\u00bb header_font_size_phone=\u00a0\u00bb36px\u00a0\u00bb header_font_size_last_edited=\u00a0\u00bbon|phone\u00a0\u00bb header_text_shadow_style=\u00a0\u00bbpreset3&Prime; header_text_shadow_color=\u00a0\u00bb#000000&Prime; global_colors_info=\u00a0\u00bb{}\u00a0\u00bb sticky_transition=\u00a0\u00bbon\u00a0\u00bb sticky_enabled=\u00a0\u00bb0&Prime; title_text=\u00a0\u00bb4 jours en Provence\u00a0\u00bb use_bg_overlay=\u00a0\u00bbon\u00a0\u00bb][\/et_pb_slide][\/et_pb_slider][\/et_pb_column][et_pb_column type=\u00a0\u00bb1_2&Prime; _builder_version=\u00a0\u00bb4.17.4&Prime; _module_preset=\u00a0\u00bbdefault\u00a0\u00bb global_colors_info=\u00a0\u00bb{}\u00a0\u00bb][et_pb_slider _builder_version=\u00a0\u00bb4.23.4&Prime; _module_preset=\u00a0\u00bbdefault\u00a0\u00bb header_level=\u00a0\u00bbh3&Prime; header_font=\u00a0\u00bbEB Garamond||||||||\u00a0\u00bb header_font_size=\u00a0\u00bb23px\u00a0\u00bb custom_button=\u00a0\u00bbon\u00a0\u00bb button_text_size=\u00a0\u00bb21px\u00a0\u00bb button_text_color=\u00a0\u00bb#5f8151&Prime; button_bg_color=\u00a0\u00bb#FFFFFF\u00a0\u00bb button_border_color=\u00a0\u00bb#5f8151&Prime; button_font=\u00a0\u00bbEB Garamond||||||||\u00a0\u00bb button_use_icon=\u00a0\u00bboff\u00a0\u00bb custom_padding=\u00a0\u00bb151px||151px||true|false\u00a0\u00bb custom_padding_tablet=\u00a0\u00bb151px||151px||true|false\u00a0\u00bb custom_padding_phone=\u00a0\u00bb70px||70px||true|false\u00a0\u00bb custom_padding_last_edited=\u00a0\u00bbon|desktop\u00a0\u00bb animation_style=\u00a0\u00bbslide\u00a0\u00bb animation_direction=\u00a0\u00bbright\u00a0\u00bb link_option_url=\u00a0\u00bbhttps:\/\/lesgitesdesabine.fr\/index.php\/un-jour-caprice-a-deux\/\u00a0\u00bb hover_enabled=\u00a0\u00bb0&Prime; box_shadow_style=\u00a0\u00bbpreset1&Prime; box_shadow_color=\u00a0\u00bbRGBA(255,255,255,0)\u00a0\u00bb global_colors_info=\u00a0\u00bb{}\u00a0\u00bb transform_styles__hover_enabled=\u00a0\u00bboff|hover\u00a0\u00bb transform_scale__hover_enabled=\u00a0\u00bboff|hover\u00a0\u00bb transform_translate__hover_enabled=\u00a0\u00bboff|hover\u00a0\u00bb transform_rotate__hover_enabled=\u00a0\u00bboff|hover\u00a0\u00bb transform_skew__hover_enabled=\u00a0\u00bboff|hover\u00a0\u00bb transform_origin__hover_enabled=\u00a0\u00bboff|hover\u00a0\u00bb button_bg_color__hover_enabled=\u00a0\u00bbon|hover\u00a0\u00bb button_bg_color__hover=\u00a0\u00bb#5f8151&Prime; button_bg_enable_color__hover=\u00a0\u00bbon\u00a0\u00bb button_border_color__hover_enabled=\u00a0\u00bboff|desktop\u00a0\u00bb button_border_color__hover=\u00a0\u00bb#5f8151&Prime; button_text_color__hover_enabled=\u00a0\u00bbon|desktop\u00a0\u00bb button_text_color__hover=\u00a0\u00bb#FFFFFF\u00a0\u00bb transform_scale__hover=\u00a0\u00bb121%|121%\u00a0\u00bb box_shadow_spread__hover_enabled=\u00a0\u00bbon|hover\u00a0\u00bb box_shadow_spread__hover=\u00a0\u00bb0px\u00a0\u00bb box_shadow_color__hover_enabled=\u00a0\u00bbon|desktop\u00a0\u00bb box_shadow_color__hover=\u00a0\u00bbrgba(0,0,0,0.62)\u00a0\u00bb sticky_enabled=\u00a0\u00bb0&Prime;][et_pb_slide heading=\u00a0\u00bbUn jour caprice \u00e0 deux\u00a0\u00bb button_text=\u00a0\u00bbCliquez ici\u00a0\u00bb button_link=\u00a0\u00bbhttps:\/\/lesgitesdesabine.fr\/index.php\/un-jour-caprice-a-deux\/\u00a0\u00bb _builder_version=\u00a0\u00bb4.23.4&Prime; _module_preset=\u00a0\u00bbdefault\u00a0\u00bb header_level=\u00a0\u00bbh3&Prime; header_font=\u00a0\u00bbEB Garamond|600||on|||||\u00a0\u00bb header_font_size=\u00a0\u00bb40px\u00a0\u00bb header_letter_spacing=\u00a0\u00bb1px\u00a0\u00bb background_enable_color=\u00a0\u00bboff\u00a0\u00bb background_image=\u00a0\u00bbhttp:\/\/lesgitesdesabine.fr\/wp-content\/uploads\/2025\/02\/Caprice-a-deux.jpg\u00a0\u00bb background_enable_image=\u00a0\u00bbon\u00a0\u00bb link_option_url=\u00a0\u00bbhttps:\/\/lesgitesdesabine.fr\/index.php\/un-jour-caprice-a-deux\/\u00a0\u00bb hover_enabled=\u00a0\u00bb0&Prime; header_font_size_tablet=\u00a0\u00bb43px\u00a0\u00bb header_font_size_phone=\u00a0\u00bb36px\u00a0\u00bb header_font_size_last_edited=\u00a0\u00bbon|phone\u00a0\u00bb header_text_shadow_style=\u00a0\u00bbpreset3&Prime; header_text_shadow_color=\u00a0\u00bb#000000&Prime; global_colors_info=\u00a0\u00bb{}\u00a0\u00bb sticky_transition=\u00a0\u00bbon\u00a0\u00bb sticky_enabled=\u00a0\u00bb0&Prime; title_text=\u00a0\u00bbCaprice \u00e0 deux\u00a0\u00bb use_bg_overlay=\u00a0\u00bbon\u00a0\u00bb][\/et_pb_slide][\/et_pb_slider][\/et_pb_column][\/et_pb_row][\/et_pb_section]\n","protected":false},"excerpt":{"rendered":"<p><div class=\"et_pb_module dsm_button dsm_button_0 et_pb_bg_layout_light\">\n\t\t\t\t\n\t\t\t\t\n\t\t\t\t\n\t\t\t\t\n\t\t\t\t\n\t\t\t\t\n\t\t\t\t<div class=\"et_pb_module_inner\">\n\t\t\t\t\t<div class=\"et_pb_button_module_wrappers dsm_button_0_wrapper et_pb_button_alignment_left et_pb_module\">\n\t\t\t\t<a class=\"et_pb_button et_pb_button_one et_pb_custom_button_icon et_pb_bg_layout_light dsm-none \"  href=https:\/\/lesgitesdesabine.fr\/index.php\/planifiez-votre-sejour\/ data-icon=\"&#x34;\" data-dsm-lightbox-id=\"dsm_button_one_lightbox dsm_button_0\"><span>Retour<\/span><\/a>\n\t\t\t<\/div>\n\t\t\t\t<\/div>\n\t\t\t<\/div>Quel est votre choix de programme ?<\/p>\n","protected":false},"author":1,"featured_media":0,"parent":0,"menu_order":0,"comment_status":"closed","ping_status":"closed","template":"","meta":{"_et_pb_use_builder":"on","_et_pb_old_content":"","_et_gb_content_width":"","_monsterinsights_skip_tracking":false,"_monsterinsights_sitenote_active":false,"_monsterinsights_sitenote_note":"","_monsterinsights_sitenote_category":0,"footnotes":""},"class_list":["post-1812","page","type-page","status-publish","hentry"],"yoast_head":"<!-- This site is optimized with the Yoast SEO plugin v27.4 - https:\/\/yoast.com\/product\/yoast-seo-wordpress\/ -->\n<title>Programme de Vacances - Les G\u00eetes de Sabine<\/title>\n<meta name=\"description\" content=\"D\u00e9couvrez le programme de Vacances des Gites de Sabine \u00e0 Meyreuil. Entre programme de 4 jours en Provence et un programme d\u00e9di\u00e9 pour deux !\" \/>\n<meta name=\"robots\" content=\"index, follow, max-snippet:-1, max-image-preview:large, max-video-preview:-1\" \/>\n<link rel=\"canonical\" href=\"https:\/\/lesgitesdesabine.fr\/index.php\/programme-de-vacances\/\" \/>\n<meta property=\"og:locale\" content=\"fr_FR\" \/>\n<meta property=\"og:type\" content=\"article\" \/>\n<meta property=\"og:title\" content=\"Programme de Vacances - Les G\u00eetes de Sabine\" \/>\n<meta property=\"og:description\" content=\"D\u00e9couvrez le programme de Vacances des Gites de Sabine \u00e0 Meyreuil. Entre programme de 4 jours en Provence et un programme d\u00e9di\u00e9 pour deux !\" \/>\n<meta property=\"og:url\" content=\"https:\/\/lesgitesdesabine.fr\/index.php\/programme-de-vacances\/\" \/>\n<meta property=\"og:site_name\" content=\"Les G\u00eetes de Sabine\" \/>\n<meta property=\"article:modified_time\" content=\"2025-02-21T16:18:35+00:00\" \/>\n<meta name=\"twitter:card\" content=\"summary_large_image\" \/>\n<meta name=\"twitter:label1\" content=\"Dur\u00e9e de lecture estim\u00e9e\" \/>\n\t<meta name=\"twitter:data1\" content=\"1 minute\" \/>\n<script type=\"application\/ld+json\" class=\"yoast-schema-graph\">{\"@context\":\"https:\\\/\\\/schema.org\",\"@graph\":[{\"@type\":\"WebPage\",\"@id\":\"https:\\\/\\\/lesgitesdesabine.fr\\\/index.php\\\/programme-de-vacances\\\/\",\"url\":\"https:\\\/\\\/lesgitesdesabine.fr\\\/index.php\\\/programme-de-vacances\\\/\",\"name\":\"Programme de Vacances - Les G\u00eetes de Sabine\",\"isPartOf\":{\"@id\":\"https:\\\/\\\/lesgitesdesabine.fr\\\/#website\"},\"datePublished\":\"2025-02-21T15:48:10+00:00\",\"dateModified\":\"2025-02-21T16:18:35+00:00\",\"description\":\"D\u00e9couvrez le programme de Vacances des Gites de Sabine \u00e0 Meyreuil. Entre programme de 4 jours en Provence et un programme d\u00e9di\u00e9 pour deux !\",\"breadcrumb\":{\"@id\":\"https:\\\/\\\/lesgitesdesabine.fr\\\/index.php\\\/programme-de-vacances\\\/#breadcrumb\"},\"inLanguage\":\"fr-FR\",\"potentialAction\":[{\"@type\":\"ReadAction\",\"target\":[\"https:\\\/\\\/lesgitesdesabine.fr\\\/index.php\\\/programme-de-vacances\\\/\"]}]},{\"@type\":\"BreadcrumbList\",\"@id\":\"https:\\\/\\\/lesgitesdesabine.fr\\\/index.php\\\/programme-de-vacances\\\/#breadcrumb\",\"itemListElement\":[{\"@type\":\"ListItem\",\"position\":1,\"name\":\"Accueil\",\"item\":\"https:\\\/\\\/lesgitesdesabine.fr\\\/\"},{\"@type\":\"ListItem\",\"position\":2,\"name\":\"Programme de Vacances\"}]},{\"@type\":\"WebSite\",\"@id\":\"https:\\\/\\\/lesgitesdesabine.fr\\\/#website\",\"url\":\"https:\\\/\\\/lesgitesdesabine.fr\\\/\",\"name\":\"Les G\u00eetes de Sabine\",\"description\":\"G\u00eetes Meyreuil Aix-en-Provence\",\"publisher\":{\"@id\":\"https:\\\/\\\/lesgitesdesabine.fr\\\/#organization\"},\"potentialAction\":[{\"@type\":\"SearchAction\",\"target\":{\"@type\":\"EntryPoint\",\"urlTemplate\":\"https:\\\/\\\/lesgitesdesabine.fr\\\/?s={search_term_string}\"},\"query-input\":{\"@type\":\"PropertyValueSpecification\",\"valueRequired\":true,\"valueName\":\"search_term_string\"}}],\"inLanguage\":\"fr-FR\"},{\"@type\":\"Organization\",\"@id\":\"https:\\\/\\\/lesgitesdesabine.fr\\\/#organization\",\"name\":\"Les G\u00eetes de Sabine\",\"url\":\"https:\\\/\\\/lesgitesdesabine.fr\\\/\",\"logo\":{\"@type\":\"ImageObject\",\"inLanguage\":\"fr-FR\",\"@id\":\"https:\\\/\\\/lesgitesdesabine.fr\\\/#\\\/schema\\\/logo\\\/image\\\/\",\"url\":\"https:\\\/\\\/lesgitesdesabine.fr\\\/wp-content\\\/uploads\\\/2024\\\/02\\\/Icone-Gites-de-Sabine.png\",\"contentUrl\":\"https:\\\/\\\/lesgitesdesabine.fr\\\/wp-content\\\/uploads\\\/2024\\\/02\\\/Icone-Gites-de-Sabine.png\",\"width\":550,\"height\":550,\"caption\":\"Les G\u00eetes de Sabine\"},\"image\":{\"@id\":\"https:\\\/\\\/lesgitesdesabine.fr\\\/#\\\/schema\\\/logo\\\/image\\\/\"}}]}<\/script>\n<!-- \/ Yoast SEO plugin. -->","yoast_head_json":{"title":"Programme de Vacances - Les G\u00eetes de Sabine","description":"D\u00e9couvrez le programme de Vacances des Gites de Sabine \u00e0 Meyreuil. Entre programme de 4 jours en Provence et un programme d\u00e9di\u00e9 pour deux !","robots":{"index":"index","follow":"follow","max-snippet":"max-snippet:-1","max-image-preview":"max-image-preview:large","max-video-preview":"max-video-preview:-1"},"canonical":"https:\/\/lesgitesdesabine.fr\/index.php\/programme-de-vacances\/","og_locale":"fr_FR","og_type":"article","og_title":"Programme de Vacances - Les G\u00eetes de Sabine","og_description":"D\u00e9couvrez le programme de Vacances des Gites de Sabine \u00e0 Meyreuil. Entre programme de 4 jours en Provence et un programme d\u00e9di\u00e9 pour deux !","og_url":"https:\/\/lesgitesdesabine.fr\/index.php\/programme-de-vacances\/","og_site_name":"Les G\u00eetes de Sabine","article_modified_time":"2025-02-21T16:18:35+00:00","twitter_card":"summary_large_image","twitter_misc":{"Dur\u00e9e de lecture estim\u00e9e":"1 minute"},"schema":{"@context":"https:\/\/schema.org","@graph":[{"@type":"WebPage","@id":"https:\/\/lesgitesdesabine.fr\/index.php\/programme-de-vacances\/","url":"https:\/\/lesgitesdesabine.fr\/index.php\/programme-de-vacances\/","name":"Programme de Vacances - Les G\u00eetes de Sabine","isPartOf":{"@id":"https:\/\/lesgitesdesabine.fr\/#website"},"datePublished":"2025-02-21T15:48:10+00:00","dateModified":"2025-02-21T16:18:35+00:00","description":"D\u00e9couvrez le programme de Vacances des Gites de Sabine \u00e0 Meyreuil. Entre programme de 4 jours en Provence et un programme d\u00e9di\u00e9 pour deux !","breadcrumb":{"@id":"https:\/\/lesgitesdesabine.fr\/index.php\/programme-de-vacances\/#breadcrumb"},"inLanguage":"fr-FR","potentialAction":[{"@type":"ReadAction","target":["https:\/\/lesgitesdesabine.fr\/index.php\/programme-de-vacances\/"]}]},{"@type":"BreadcrumbList","@id":"https:\/\/lesgitesdesabine.fr\/index.php\/programme-de-vacances\/#breadcrumb","itemListElement":[{"@type":"ListItem","position":1,"name":"Accueil","item":"https:\/\/lesgitesdesabine.fr\/"},{"@type":"ListItem","position":2,"name":"Programme de Vacances"}]},{"@type":"WebSite","@id":"https:\/\/lesgitesdesabine.fr\/#website","url":"https:\/\/lesgitesdesabine.fr\/","name":"Les G\u00eetes de Sabine","description":"G\u00eetes Meyreuil Aix-en-Provence","publisher":{"@id":"https:\/\/lesgitesdesabine.fr\/#organization"},"potentialAction":[{"@type":"SearchAction","target":{"@type":"EntryPoint","urlTemplate":"https:\/\/lesgitesdesabine.fr\/?s={search_term_string}"},"query-input":{"@type":"PropertyValueSpecification","valueRequired":true,"valueName":"search_term_string"}}],"inLanguage":"fr-FR"},{"@type":"Organization","@id":"https:\/\/lesgitesdesabine.fr\/#organization","name":"Les G\u00eetes de Sabine","url":"https:\/\/lesgitesdesabine.fr\/","logo":{"@type":"ImageObject","inLanguage":"fr-FR","@id":"https:\/\/lesgitesdesabine.fr\/#\/schema\/logo\/image\/","url":"https:\/\/lesgitesdesabine.fr\/wp-content\/uploads\/2024\/02\/Icone-Gites-de-Sabine.png","contentUrl":"https:\/\/lesgitesdesabine.fr\/wp-content\/uploads\/2024\/02\/Icone-Gites-de-Sabine.png","width":550,"height":550,"caption":"Les G\u00eetes de Sabine"},"image":{"@id":"https:\/\/lesgitesdesabine.fr\/#\/schema\/logo\/image\/"}}]}},"_links":{"self":[{"href":"https:\/\/lesgitesdesabine.fr\/index.php\/wp-json\/wp\/v2\/pages\/1812","targetHints":{"allow":["GET"]}}],"collection":[{"href":"https:\/\/lesgitesdesabine.fr\/index.php\/wp-json\/wp\/v2\/pages"}],"about":[{"href":"https:\/\/lesgitesdesabine.fr\/index.php\/wp-json\/wp\/v2\/types\/page"}],"author":[{"embeddable":true,"href":"https:\/\/lesgitesdesabine.fr\/index.php\/wp-json\/wp\/v2\/users\/1"}],"replies":[{"embeddable":true,"href":"https:\/\/lesgitesdesabine.fr\/index.php\/wp-json\/wp\/v2\/comments?post=1812"}],"version-history":[{"count":10,"href":"https:\/\/lesgitesdesabine.fr\/index.php\/wp-json\/wp\/v2\/pages\/1812\/revisions"}],"predecessor-version":[{"id":1836,"href":"https:\/\/lesgitesdesabine.fr\/index.php\/wp-json\/wp\/v2\/pages\/1812\/revisions\/1836"}],"wp:attachment":[{"href":"https:\/\/lesgitesdesabine.fr\/index.php\/wp-json\/wp\/v2\/media?parent=1812"}],"curies":[{"name":"wp","href":"https:\/\/api.w.org\/{rel}","templated":true}]}}