{"id":160,"date":"2024-02-02T10:26:12","date_gmt":"2024-02-02T09:26:12","guid":{"rendered":"https:\/\/lesgitesdesabine.fr\/?page_id=160"},"modified":"2026-01-27T18:07:18","modified_gmt":"2026-01-27T17:07:18","slug":"gites","status":"publish","type":"page","link":"https:\/\/lesgitesdesabine.fr\/index.php\/gites\/","title":{"rendered":"G\u00eetes"},"content":{"rendered":"\n[et_pb_section fb_built=\u00a0\u00bb1&Prime; _builder_version=\u00a0\u00bb4.21.0&Prime; _module_preset=\u00a0\u00bbdefault\u00a0\u00bb custom_padding=\u00a0\u00bb0px||0px|||\u00a0\u00bb global_colors_info=\u00a0\u00bb{}\u00a0\u00bb][et_pb_row _builder_version=\u00a0\u00bb4.23.4&Prime; _module_preset=\u00a0\u00bbdefault\u00a0\u00bb custom_padding=\u00a0\u00bb||5px|||\u00a0\u00bb global_colors_info=\u00a0\u00bb{}\u00a0\u00bb][et_pb_column type=\u00a0\u00bb4_4&Prime; _builder_version=\u00a0\u00bb4.23.4&Prime; _module_preset=\u00a0\u00bbdefault\u00a0\u00bb global_colors_info=\u00a0\u00bb{}\u00a0\u00bb][dsm_button button_one_text=\u00a0\u00bbRetour\u00a0\u00bb button_one_url=\u00a0\u00bbhttps:\/\/lesgitesdesabine.fr\/\u00a0\u00bb button_alignment=\u00a0\u00bbleft\u00a0\u00bb disabled_on=\u00a0\u00bboff|off|off\u00a0\u00bb _builder_version=\u00a0\u00bb4.23.4&Prime; _module_preset=\u00a0\u00bbdefault\u00a0\u00bb custom_button_one=\u00a0\u00bbon\u00a0\u00bb button_one_text_size=\u00a0\u00bb19px\u00a0\u00bb button_one_text_color=\u00a0\u00bb#FFFFFF\u00a0\u00bb button_one_bg_color=\u00a0\u00bb#5f8151&Prime; button_one_border_color=\u00a0\u00bb#5f8151&Prime; button_one_font=\u00a0\u00bbEB Garamond||||||||\u00a0\u00bb button_one_icon=\u00a0\u00bb&#x34;||divi||400&Prime; button_one_icon_placement=\u00a0\u00bbleft\u00a0\u00bb custom_margin=\u00a0\u00bb||23px||false|false\u00a0\u00bb global_colors_info=\u00a0\u00bb{}\u00a0\u00bb button_one_text_color__hover_enabled=\u00a0\u00bboff|desktop\u00a0\u00bb button_one_bg_color__hover_enabled=\u00a0\u00bboff|desktop\u00a0\u00bb button_one_bg_color__hover=\u00a0\u00bbRGBA(255,255,255,0)\u00a0\u00bb button_one_bg_enable_color__hover=\u00a0\u00bbon\u00a0\u00bb button_one_border_color__hover_enabled=\u00a0\u00bboff|desktop\u00a0\u00bb button_one_border_color__hover=\u00a0\u00bbRGBA(255,255,255,0)\u00a0\u00bb button_one_text_color__hover=\u00a0\u00bb#FFFFFF\u00a0\u00bb][\/dsm_button][et_pb_text _builder_version=\u00a0\u00bb4.23.4&Prime; _module_preset=\u00a0\u00bbdefault\u00a0\u00bb header_font=\u00a0\u00bbEB Garamond||||||||\u00a0\u00bb header_text_align=\u00a0\u00bbcenter\u00a0\u00bb header_text_color=\u00a0\u00bb#5f8151&Prime; custom_margin=\u00a0\u00bb||10px|||\u00a0\u00bb animation_style=\u00a0\u00bbfade\u00a0\u00bb global_colors_info=\u00a0\u00bb{}\u00a0\u00bb]<h1>Nos G\u00eetes<\/h1>[\/et_pb_text][et_pb_text _builder_version=\u00a0\u00bb4.23.4&Prime; _module_preset=\u00a0\u00bbdefault\u00a0\u00bb text_font=\u00a0\u00bbEB Garamond||||||||\u00a0\u00bb text_text_color=\u00a0\u00bb#000000&Prime; text_font_size=\u00a0\u00bb20px\u00a0\u00bb text_line_height=\u00a0\u00bb1.4em\u00a0\u00bb header_2_font_size=\u00a0\u00bb22px\u00a0\u00bb header_2_line_height=\u00a0\u00bb1.2em\u00a0\u00bb text_orientation=\u00a0\u00bbcenter\u00a0\u00bb custom_margin=\u00a0\u00bb||-15px|||\u00a0\u00bb custom_margin_tablet=\u00a0\u00bb||-15px|||\u00a0\u00bb custom_margin_phone=\u00a0\u00bb||-30px||false|false\u00a0\u00bb custom_margin_last_edited=\u00a0\u00bbon|phone\u00a0\u00bb custom_padding=\u00a0\u00bb||23px|||\u00a0\u00bb animation_style=\u00a0\u00bbfade\u00a0\u00bb hover_enabled=\u00a0\u00bb0&Prime; global_colors_info=\u00a0\u00bb{}\u00a0\u00bb sticky_enabled=\u00a0\u00bb0&Prime;]<h2>D\u00e9couvrez nos 2 g\u00eetes uniques \u00e0 Meyreuil \u00e0 proximit\u00e9 d&rsquo;Aix-en-Provence<\/h2>[\/et_pb_text][\/et_pb_column][\/et_pb_row][et_pb_row column_structure=\u00a0\u00bb1_2,1_2&Prime; make_equal=\u00a0\u00bbon\u00a0\u00bb _builder_version=\u00a0\u00bb4.23.4&Prime; _module_preset=\u00a0\u00bbdefault\u00a0\u00bb width=\u00a0\u00bb88%\u00a0\u00bb custom_margin=\u00a0\u00bb||52px||false|false\u00a0\u00bb custom_margin_tablet=\u00a0\u00bb||52px||false|false\u00a0\u00bb custom_margin_phone=\u00a0\u00bb||31px||false|false\u00a0\u00bb custom_margin_last_edited=\u00a0\u00bbon|phone\u00a0\u00bb custom_padding=\u00a0\u00bb||0px|||\u00a0\u00bb global_colors_info=\u00a0\u00bb{}\u00a0\u00bb][et_pb_column type=\u00a0\u00bb1_2&Prime; _builder_version=\u00a0\u00bb4.23.4&Prime; _module_preset=\u00a0\u00bbdefault\u00a0\u00bb custom_padding_phone=\u00a0\u00bb0px||0px||false|false\u00a0\u00bb custom_padding_last_edited=\u00a0\u00bboff|phone\u00a0\u00bb global_colors_info=\u00a0\u00bb{}\u00a0\u00bb][dsm_card title=\u00a0\u00bbCabanon Garaga\u00ef\u00a0\u00bb image=\u00a0\u00bbhttp:\/\/lesgitesdesabine.fr\/wp-content\/uploads\/2024\/06\/Cabanon-Garagai-1.jpg\u00a0\u00bb image_as_background=\u00a0\u00bboff\u00a0\u00bb alt=\u00a0\u00bbCabanon Garagai\u00a0\u00bb content_padding=\u00a0\u00bb20px|16px|20px|16px|false|true\u00a0\u00bb button_text=\u00a0\u00bbVoir plus\u00a0\u00bb button_url=\u00a0\u00bbhttps:\/\/lesgitesdesabine.fr\/index.php\/cabanon-garagai\/\u00a0\u00bb button_url_new_window=\u00a0\u00bb1&Prime; content_padding_tablet=\u00a0\u00bb20px|16px|20px|16px|false|true\u00a0\u00bb content_padding_phone=\u00a0\u00bb45px||0px||false|true\u00a0\u00bb content_padding_last_edited=\u00a0\u00bbon|phone\u00a0\u00bb _builder_version=\u00a0\u00bb4.23.4&Prime; _module_preset=\u00a0\u00bbdefault\u00a0\u00bb header_level=\u00a0\u00bbh3&Prime; header_font=\u00a0\u00bbEB Garamond||||||||\u00a0\u00bb header_text_align=\u00a0\u00bbcenter\u00a0\u00bb header_text_color=\u00a0\u00bb#5d7e50&Prime; header_font_size=\u00a0\u00bb24px\u00a0\u00bb body_font=\u00a0\u00bbEB Garamond||||||||\u00a0\u00bb body_text_align=\u00a0\u00bbcenter\u00a0\u00bb body_text_color=\u00a0\u00bb#000000&Prime; body_font_size=\u00a0\u00bb19px\u00a0\u00bb body_line_height=\u00a0\u00bb1.9em\u00a0\u00bb subhead_font=\u00a0\u00bbEB Garamond|700||on|on||||solid\u00a0\u00bb subhead_text_align=\u00a0\u00bbcenter\u00a0\u00bb subhead_text_color=\u00a0\u00bb#5f8151&Prime; subhead_font_size=\u00a0\u00bb19px\u00a0\u00bb custom_button=\u00a0\u00bbon\u00a0\u00bb button_text_size=\u00a0\u00bb20px\u00a0\u00bb button_text_color=\u00a0\u00bb#FFFFFF\u00a0\u00bb button_bg_color=\u00a0\u00bb#5d7e50&Prime; button_border_color=\u00a0\u00bb#5d7e50&Prime; button_font=\u00a0\u00bbEB Garamond||||||||\u00a0\u00bb button_icon=\u00a0\u00bb&#x35;||divi||400&Prime; button_alignment=\u00a0\u00bbcenter\u00a0\u00bb animation_style=\u00a0\u00bbslide\u00a0\u00bb animation_direction=\u00a0\u00bbleft\u00a0\u00bb body_font_size_tablet=\u00a0\u00bb19px\u00a0\u00bb body_font_size_phone=\u00a0\u00bb16px\u00a0\u00bb body_font_size_last_edited=\u00a0\u00bbon|phone\u00a0\u00bb animation_direction_tablet=\u00a0\u00bbleft\u00a0\u00bb animation_direction_phone=\u00a0\u00bbcenter\u00a0\u00bb animation_direction_last_edited=\u00a0\u00bbon|phone\u00a0\u00bb border_radii=\u00a0\u00bbon|6px|6px|6px|6px\u00a0\u00bb box_shadow_style=\u00a0\u00bbpreset1&Prime; box_shadow_color=\u00a0\u00bbrgba(0,0,0,0.17)\u00a0\u00bb global_colors_info=\u00a0\u00bb{}\u00a0\u00bb]<p><img loading=\"lazy\" decoding=\"async\" src=\"http:\/\/lesgitesdesabine.fr\/wp-content\/uploads\/2024\/02\/Voyageurs.jpg\" width=\"13\" height=\"18\" alt=\"\" class=\"wp-image-173 alignnone size-full\" \/> jusqu&rsquo;\u00e0 2 voyageurs\u00a0 \u00a0<img loading=\"lazy\" decoding=\"async\" src=\"http:\/\/lesgitesdesabine.fr\/wp-content\/uploads\/2024\/02\/Chambres.jpg\" width=\"19\" height=\"18\" alt=\"\" class=\"wp-image-176 alignnone size-full\" \/> 1 chambre<br \/><img loading=\"lazy\" decoding=\"async\" src=\"http:\/\/lesgitesdesabine.fr\/wp-content\/uploads\/2024\/02\/Lits.jpg\" width=\"26\" height=\"16\" alt=\"\" class=\"wp-image-179 alignnone size-full\" \/> 1 lit\u00a0 \u00a0<img loading=\"lazy\" decoding=\"async\" src=\"http:\/\/lesgitesdesabine.fr\/wp-content\/uploads\/2024\/02\/Salles-de-bain.jpg\" width=\"19\" height=\"17\" alt=\"\" class=\"wp-image-182 alignnone size-full\" \/> 1 salle de bain<br \/><img loading=\"lazy\" decoding=\"async\" src=\"http:\/\/lesgitesdesabine.fr\/wp-content\/uploads\/2024\/02\/Spa.jpg\" width=\"20\" height=\"20\" alt=\"\" class=\"wp-image-210 alignnone size-full\" \/> 1 spa<br \/><strong>\u00c0 partir de 90\u20ac\/nuit<\/strong><\/p>[\/dsm_card][\/et_pb_column][et_pb_column type=\u00a0\u00bb1_2&Prime; _builder_version=\u00a0\u00bb4.23.4&Prime; _module_preset=\u00a0\u00bbdefault\u00a0\u00bb global_colors_info=\u00a0\u00bb{}\u00a0\u00bb][dsm_card title=\u00a0\u00bbCabanon Venture\u00a0\u00bb image=\u00a0\u00bbhttp:\/\/lesgitesdesabine.fr\/wp-content\/uploads\/2024\/06\/Cabanon-Venture-1.jpg\u00a0\u00bb image_as_background=\u00a0\u00bboff\u00a0\u00bb alt=\u00a0\u00bbCabanon Venture\u00a0\u00bb content_padding=\u00a0\u00bb20px|16px|20px|16px|false|true\u00a0\u00bb button_text=\u00a0\u00bbVoir plus\u00a0\u00bb button_url=\u00a0\u00bbhttps:\/\/lesgitesdesabine.fr\/index.php\/cabanon-venture\/\u00a0\u00bb button_url_new_window=\u00a0\u00bb1&Prime; content_padding_tablet=\u00a0\u00bb20px|16px|20px|16px|false|true\u00a0\u00bb content_padding_phone=\u00a0\u00bb45px||0px||false|true\u00a0\u00bb content_padding_last_edited=\u00a0\u00bbon|phone\u00a0\u00bb _builder_version=\u00a0\u00bb4.23.4&Prime; _module_preset=\u00a0\u00bbdefault\u00a0\u00bb header_level=\u00a0\u00bbh3&Prime; header_font=\u00a0\u00bbEB Garamond||||||||\u00a0\u00bb header_text_align=\u00a0\u00bbcenter\u00a0\u00bb header_text_color=\u00a0\u00bb#5d7e50&Prime; header_font_size=\u00a0\u00bb24px\u00a0\u00bb body_font=\u00a0\u00bbEB Garamond||||||||\u00a0\u00bb body_text_align=\u00a0\u00bbcenter\u00a0\u00bb body_text_color=\u00a0\u00bb#000000&Prime; body_font_size=\u00a0\u00bb19px\u00a0\u00bb body_line_height=\u00a0\u00bb1.9em\u00a0\u00bb custom_button=\u00a0\u00bbon\u00a0\u00bb button_text_size=\u00a0\u00bb20px\u00a0\u00bb button_text_color=\u00a0\u00bb#FFFFFF\u00a0\u00bb button_bg_color=\u00a0\u00bb#5d7e50&Prime; button_border_color=\u00a0\u00bb#5d7e50&Prime; button_font=\u00a0\u00bbEB Garamond||||||||\u00a0\u00bb button_icon=\u00a0\u00bb&#x35;||divi||400&Prime; button_alignment=\u00a0\u00bbcenter\u00a0\u00bb custom_margin_phone=\u00a0\u00bb||-328px||false|false\u00a0\u00bb custom_margin_last_edited=\u00a0\u00bboff|phone\u00a0\u00bb animation_style=\u00a0\u00bbslide\u00a0\u00bb animation_direction=\u00a0\u00bbright\u00a0\u00bb body_font_size_tablet=\u00a0\u00bb19px\u00a0\u00bb body_font_size_phone=\u00a0\u00bb16px\u00a0\u00bb body_font_size_last_edited=\u00a0\u00bbon|phone\u00a0\u00bb animation_direction_tablet=\u00a0\u00bbright\u00a0\u00bb animation_direction_phone=\u00a0\u00bbcenter\u00a0\u00bb animation_direction_last_edited=\u00a0\u00bbon|phone\u00a0\u00bb border_radii=\u00a0\u00bbon|6px|6px|6px|6px\u00a0\u00bb box_shadow_style=\u00a0\u00bbpreset1&Prime; box_shadow_color=\u00a0\u00bbrgba(0,0,0,0.17)\u00a0\u00bb global_colors_info=\u00a0\u00bb{}\u00a0\u00bb]<p><img loading=\"lazy\" decoding=\"async\" src=\"http:\/\/lesgitesdesabine.fr\/wp-content\/uploads\/2024\/02\/Voyageurs.jpg\" width=\"13\" height=\"18\" alt=\"\" class=\"wp-image-173 alignnone size-full\" \/> jusqu&rsquo;\u00e0 2 voyageurs\u00a0 \u00a0<img loading=\"lazy\" decoding=\"async\" src=\"http:\/\/lesgitesdesabine.fr\/wp-content\/uploads\/2024\/02\/Chambres.jpg\" width=\"19\" height=\"18\" alt=\"\" class=\"wp-image-176 alignnone size-full\" \/> 1 chambre<br \/><img loading=\"lazy\" decoding=\"async\" src=\"http:\/\/lesgitesdesabine.fr\/wp-content\/uploads\/2024\/02\/Lits.jpg\" width=\"26\" height=\"16\" alt=\"\" class=\"wp-image-179 alignnone size-full\" \/> 1 lit\u00a0 \u00a0<img loading=\"lazy\" decoding=\"async\" src=\"http:\/\/lesgitesdesabine.fr\/wp-content\/uploads\/2024\/02\/Salles-de-bain.jpg\" width=\"19\" height=\"17\" alt=\"\" class=\"wp-image-182 alignnone size-full\" \/> 1 salle de bain<br \/><strong>\u00c0 partir de 60\u20ac\/nuit<\/strong><\/p>[\/dsm_card][\/et_pb_column][\/et_pb_row][\/et_pb_section]\n","protected":false},"excerpt":{"rendered":"<p><div class=\"et_pb_module dsm_button dsm_button_0 et_pb_bg_layout_light\">\n\t\t\t\t\n\t\t\t\t\n\t\t\t\t\n\t\t\t\t\n\t\t\t\t\n\t\t\t\t\n\t\t\t\t<div class=\"et_pb_module_inner\">\n\t\t\t\t\t<div class=\"et_pb_button_module_wrappers dsm_button_0_wrapper et_pb_button_alignment_left et_pb_module\">\n\t\t\t\t<a class=\"et_pb_button et_pb_button_one et_pb_custom_button_icon et_pb_bg_layout_light dsm-none \"  href=https:\/\/lesgitesdesabine.fr\/ data-icon=\"&#x34;\" data-dsm-lightbox-id=\"dsm_button_one_lightbox dsm_button_0\"><span>Retour<\/span><\/a>\n\t\t\t<\/div>\n\t\t\t\t<\/div>\n\t\t\t<\/div>Nos G\u00eetesD\u00e9couvrez nos 2 g\u00eetes uniques \u00e0 Meyreuil \u00e0 proximit\u00e9 d&rsquo;Aix-en-Provence<div class=\"et_pb_module dsm_card dsm_card_0 et_animated et_pb_bg_layout_light  dsm_card_layout_stacked\">\n\t\t\t\t\n\t\t\t\t\n\t\t\t\t\n\t\t\t\t\n\t\t\t\t\n\t\t\t\t\n\t\t\t\t<div class=\"et_pb_module_inner\">\n\t\t\t\t\t\n\t\t\t\n\t\t\t<figure class=\"dsm_card_image_wrapper dsm_card_badge_top_right\"><img decoding=\"async\" src=\"http:\/\/lesgitesdesabine.fr\/wp-content\/uploads\/2024\/06\/Cabanon-Garagai-1.jpg\" alt=\"Cabanon Garagai\" srcset=\"https:\/\/lesgitesdesabine.fr\/wp-content\/uploads\/2024\/06\/Cabanon-Garagai-1.jpg 1600w, https:\/\/lesgitesdesabine.fr\/wp-content\/uploads\/2024\/06\/Cabanon-Garagai-1-1280x640.jpg 1280w, https:\/\/lesgitesdesabine.fr\/wp-content\/uploads\/2024\/06\/Cabanon-Garagai-1-980x490.jpg 980w, https:\/\/lesgitesdesabine.fr\/wp-content\/uploads\/2024\/06\/Cabanon-Garagai-1-480x240.jpg 480w\" sizes=\"(min-width: 0px) and (max-width: 480px) 480px, (min-width: 481px) and (max-width: 980px) 980px, (min-width: 981px) and (max-width: 1280px) 1280px, (min-width: 1281px) 1600px, 100vw\" class=\"dsm_card_img dsm_card_image_stretch\" \/><\/figure>\n\t\t\t<div class=\"et_pb_module dsm_card_wrapper et_pb_text_align_left\">\n\t\t\t\t\t\n\t\t\t\t\t<h3 class=\"dsm_card_title et_pb_module_header\">Cabanon Garaga\u00ef<\/h3>\n\t\t\t\t\t\n\t\t\t\t\t<div class=\"dsm_card_description\"> jusqu&rsquo;\u00e0 2 voyageurs\u00a0 \u00a0 1 chambre 1 lit\u00a0 \u00a0 1 salle de bain 1 spa\u00c0 partir de 90\u20ac\/nuit<\/div>\n\t\t\t\t\t<div class=\"et_pb_button_wrapper\"><a class=\"et_pb_button et_pb_more_button \" href=\"https:\/\/lesgitesdesabine.fr\/index.php\/cabanon-garagai\/\" data-icon=\"&#x35;\">Voir plus<\/a><\/div>\n\t\t\t\t<\/div>\n\t\t\t\n\t\t\t\t<\/div>\n\t\t\t<\/div><div class=\"et_pb_module dsm_card dsm_card_1 et_animated et_pb_bg_layout_light  dsm_card_layout_stacked\">\n\t\t\t\t\n\t\t\t\t\n\t\t\t\t\n\t\t\t\t\n\t\t\t\t\n\t\t\t\t\n\t\t\t\t<div class=\"et_pb_module_inner\">\n\t\t\t\t\t\n\t\t\t\n\t\t\t<figure class=\"dsm_card_image_wrapper dsm_card_badge_top_right\"><img decoding=\"async\" src=\"http:\/\/lesgitesdesabine.fr\/wp-content\/uploads\/2024\/06\/Cabanon-Venture-1.jpg\" alt=\"Cabanon Venture\" srcset=\"https:\/\/lesgitesdesabine.fr\/wp-content\/uploads\/2024\/06\/Cabanon-Venture-1.jpg 1600w, https:\/\/lesgitesdesabine.fr\/wp-content\/uploads\/2024\/06\/Cabanon-Venture-1-1280x640.jpg 1280w, https:\/\/lesgitesdesabine.fr\/wp-content\/uploads\/2024\/06\/Cabanon-Venture-1-980x490.jpg 980w, https:\/\/lesgitesdesabine.fr\/wp-content\/uploads\/2024\/06\/Cabanon-Venture-1-480x240.jpg 480w\" sizes=\"(min-width: 0px) and (max-width: 480px) 480px, (min-width: 481px) and (max-width: 980px) 980px, (min-width: 981px) and (max-width: 1280px) 1280px, (min-width: 1281px) 1600px, 100vw\" class=\"dsm_card_img dsm_card_image_stretch\" \/><\/figure>\n\t\t\t<div class=\"et_pb_module dsm_card_wrapper et_pb_text_align_left\">\n\t\t\t\t\t\n\t\t\t\t\t<h3 class=\"dsm_card_title et_pb_module_header\">Cabanon Venture<\/h3>\n\t\t\t\t\t\n\t\t\t\t\t<div class=\"dsm_card_description\"> jusqu&rsquo;\u00e0 2 voyageurs\u00a0 \u00a0 1 chambre 1 lit\u00a0 \u00a0 1 salle de bain\u00c0 partir de 60\u20ac\/nuit<\/div>\n\t\t\t\t\t<div class=\"et_pb_button_wrapper\"><a class=\"et_pb_button et_pb_more_button \" href=\"https:\/\/lesgitesdesabine.fr\/index.php\/cabanon-venture\/\" data-icon=\"&#x35;\">Voir plus<\/a><\/div>\n\t\t\t\t<\/div>\n\t\t\t\n\t\t\t\t<\/div>\n\t\t\t<\/div><\/p>\n","protected":false},"author":1,"featured_media":1686,"parent":0,"menu_order":0,"comment_status":"closed","ping_status":"closed","template":"","meta":{"_et_pb_use_builder":"on","_et_pb_old_content":"","_et_gb_content_width":"","_monsterinsights_skip_tracking":false,"_monsterinsights_sitenote_active":false,"_monsterinsights_sitenote_note":"","_monsterinsights_sitenote_category":0,"footnotes":""},"class_list":["post-160","page","type-page","status-publish","has-post-thumbnail","hentry"],"yoast_head":"<!-- This site is optimized with the Yoast SEO plugin v27.4 - https:\/\/yoast.com\/product\/yoast-seo-wordpress\/ -->\n<title>G\u00eetes - Les G\u00eetes de Sabine<\/title>\n<meta name=\"description\" content=\"D\u00e9couvrez le Cabanon Venture et le Cabanon Garaga\u00ef, nos cabanons spa avec vue sur la Sainte-Victoire \u00e0 Meyreuil.\" \/>\n<meta name=\"robots\" content=\"index, follow, max-snippet:-1, max-image-preview:large, max-video-preview:-1\" \/>\n<link rel=\"canonical\" href=\"https:\/\/lesgitesdesabine.fr\/index.php\/gites\/\" \/>\n<meta property=\"og:locale\" content=\"fr_FR\" \/>\n<meta property=\"og:type\" content=\"article\" \/>\n<meta property=\"og:title\" content=\"G\u00eetes - Les G\u00eetes de Sabine\" \/>\n<meta property=\"og:description\" content=\"D\u00e9couvrez le Cabanon Venture et le Cabanon Garaga\u00ef, nos cabanons spa avec vue sur la Sainte-Victoire \u00e0 Meyreuil.\" \/>\n<meta property=\"og:url\" content=\"https:\/\/lesgitesdesabine.fr\/index.php\/gites\/\" \/>\n<meta property=\"og:site_name\" content=\"Les G\u00eetes de Sabine\" \/>\n<meta property=\"article:modified_time\" content=\"2026-01-27T17:07:18+00:00\" \/>\n<meta property=\"og:image\" content=\"http:\/\/lesgitesdesabine.fr\/wp-content\/uploads\/2024\/06\/Cabanon-Garagai-2.jpg\" \/>\n\t<meta property=\"og:image:width\" content=\"1000\" \/>\n\t<meta property=\"og:image:height\" content=\"1000\" \/>\n\t<meta property=\"og:image:type\" content=\"image\/jpeg\" \/>\n<meta name=\"twitter:card\" content=\"summary_large_image\" \/>\n<meta name=\"twitter:label1\" content=\"Dur\u00e9e de lecture estim\u00e9e\" \/>\n\t<meta name=\"twitter:data1\" content=\"3 minutes\" \/>\n<script type=\"application\/ld+json\" class=\"yoast-schema-graph\">{\"@context\":\"https:\\\/\\\/schema.org\",\"@graph\":[{\"@type\":\"WebPage\",\"@id\":\"https:\\\/\\\/lesgitesdesabine.fr\\\/index.php\\\/gites\\\/\",\"url\":\"https:\\\/\\\/lesgitesdesabine.fr\\\/index.php\\\/gites\\\/\",\"name\":\"G\u00eetes - Les G\u00eetes de Sabine\",\"isPartOf\":{\"@id\":\"https:\\\/\\\/lesgitesdesabine.fr\\\/#website\"},\"primaryImageOfPage\":{\"@id\":\"https:\\\/\\\/lesgitesdesabine.fr\\\/index.php\\\/gites\\\/#primaryimage\"},\"image\":{\"@id\":\"https:\\\/\\\/lesgitesdesabine.fr\\\/index.php\\\/gites\\\/#primaryimage\"},\"thumbnailUrl\":\"https:\\\/\\\/lesgitesdesabine.fr\\\/wp-content\\\/uploads\\\/2024\\\/06\\\/Cabanon-Garagai-2.jpg\",\"datePublished\":\"2024-02-02T09:26:12+00:00\",\"dateModified\":\"2026-01-27T17:07:18+00:00\",\"description\":\"D\u00e9couvrez le Cabanon Venture et le Cabanon Garaga\u00ef, nos cabanons spa avec vue sur la Sainte-Victoire \u00e0 Meyreuil.\",\"breadcrumb\":{\"@id\":\"https:\\\/\\\/lesgitesdesabine.fr\\\/index.php\\\/gites\\\/#breadcrumb\"},\"inLanguage\":\"fr-FR\",\"potentialAction\":[{\"@type\":\"ReadAction\",\"target\":[\"https:\\\/\\\/lesgitesdesabine.fr\\\/index.php\\\/gites\\\/\"]}]},{\"@type\":\"ImageObject\",\"inLanguage\":\"fr-FR\",\"@id\":\"https:\\\/\\\/lesgitesdesabine.fr\\\/index.php\\\/gites\\\/#primaryimage\",\"url\":\"https:\\\/\\\/lesgitesdesabine.fr\\\/wp-content\\\/uploads\\\/2024\\\/06\\\/Cabanon-Garagai-2.jpg\",\"contentUrl\":\"https:\\\/\\\/lesgitesdesabine.fr\\\/wp-content\\\/uploads\\\/2024\\\/06\\\/Cabanon-Garagai-2.jpg\",\"width\":1000,\"height\":1000,\"caption\":\"Cabanon Garaga\u00ef\"},{\"@type\":\"BreadcrumbList\",\"@id\":\"https:\\\/\\\/lesgitesdesabine.fr\\\/index.php\\\/gites\\\/#breadcrumb\",\"itemListElement\":[{\"@type\":\"ListItem\",\"position\":1,\"name\":\"Accueil\",\"item\":\"https:\\\/\\\/lesgitesdesabine.fr\\\/\"},{\"@type\":\"ListItem\",\"position\":2,\"name\":\"G\u00eetes\"}]},{\"@type\":\"WebSite\",\"@id\":\"https:\\\/\\\/lesgitesdesabine.fr\\\/#website\",\"url\":\"https:\\\/\\\/lesgitesdesabine.fr\\\/\",\"name\":\"Les G\u00eetes de Sabine\",\"description\":\"G\u00eetes Meyreuil Aix-en-Provence\",\"publisher\":{\"@id\":\"https:\\\/\\\/lesgitesdesabine.fr\\\/#organization\"},\"potentialAction\":[{\"@type\":\"SearchAction\",\"target\":{\"@type\":\"EntryPoint\",\"urlTemplate\":\"https:\\\/\\\/lesgitesdesabine.fr\\\/?s={search_term_string}\"},\"query-input\":{\"@type\":\"PropertyValueSpecification\",\"valueRequired\":true,\"valueName\":\"search_term_string\"}}],\"inLanguage\":\"fr-FR\"},{\"@type\":\"Organization\",\"@id\":\"https:\\\/\\\/lesgitesdesabine.fr\\\/#organization\",\"name\":\"Les G\u00eetes de Sabine\",\"url\":\"https:\\\/\\\/lesgitesdesabine.fr\\\/\",\"logo\":{\"@type\":\"ImageObject\",\"inLanguage\":\"fr-FR\",\"@id\":\"https:\\\/\\\/lesgitesdesabine.fr\\\/#\\\/schema\\\/logo\\\/image\\\/\",\"url\":\"https:\\\/\\\/lesgitesdesabine.fr\\\/wp-content\\\/uploads\\\/2024\\\/02\\\/Icone-Gites-de-Sabine.png\",\"contentUrl\":\"https:\\\/\\\/lesgitesdesabine.fr\\\/wp-content\\\/uploads\\\/2024\\\/02\\\/Icone-Gites-de-Sabine.png\",\"width\":550,\"height\":550,\"caption\":\"Les G\u00eetes de Sabine\"},\"image\":{\"@id\":\"https:\\\/\\\/lesgitesdesabine.fr\\\/#\\\/schema\\\/logo\\\/image\\\/\"}}]}<\/script>\n<!-- \/ Yoast SEO plugin. -->","yoast_head_json":{"title":"G\u00eetes - Les G\u00eetes de Sabine","description":"D\u00e9couvrez le Cabanon Venture et le Cabanon Garaga\u00ef, nos cabanons spa avec vue sur la Sainte-Victoire \u00e0 Meyreuil.","robots":{"index":"index","follow":"follow","max-snippet":"max-snippet:-1","max-image-preview":"max-image-preview:large","max-video-preview":"max-video-preview:-1"},"canonical":"https:\/\/lesgitesdesabine.fr\/index.php\/gites\/","og_locale":"fr_FR","og_type":"article","og_title":"G\u00eetes - Les G\u00eetes de Sabine","og_description":"D\u00e9couvrez le Cabanon Venture et le Cabanon Garaga\u00ef, nos cabanons spa avec vue sur la Sainte-Victoire \u00e0 Meyreuil.","og_url":"https:\/\/lesgitesdesabine.fr\/index.php\/gites\/","og_site_name":"Les G\u00eetes de Sabine","article_modified_time":"2026-01-27T17:07:18+00:00","og_image":[{"width":1000,"height":1000,"url":"http:\/\/lesgitesdesabine.fr\/wp-content\/uploads\/2024\/06\/Cabanon-Garagai-2.jpg","type":"image\/jpeg"}],"twitter_card":"summary_large_image","twitter_misc":{"Dur\u00e9e de lecture estim\u00e9e":"3 minutes"},"schema":{"@context":"https:\/\/schema.org","@graph":[{"@type":"WebPage","@id":"https:\/\/lesgitesdesabine.fr\/index.php\/gites\/","url":"https:\/\/lesgitesdesabine.fr\/index.php\/gites\/","name":"G\u00eetes - Les G\u00eetes de Sabine","isPartOf":{"@id":"https:\/\/lesgitesdesabine.fr\/#website"},"primaryImageOfPage":{"@id":"https:\/\/lesgitesdesabine.fr\/index.php\/gites\/#primaryimage"},"image":{"@id":"https:\/\/lesgitesdesabine.fr\/index.php\/gites\/#primaryimage"},"thumbnailUrl":"https:\/\/lesgitesdesabine.fr\/wp-content\/uploads\/2024\/06\/Cabanon-Garagai-2.jpg","datePublished":"2024-02-02T09:26:12+00:00","dateModified":"2026-01-27T17:07:18+00:00","description":"D\u00e9couvrez le Cabanon Venture et le Cabanon Garaga\u00ef, nos cabanons spa avec vue sur la Sainte-Victoire \u00e0 Meyreuil.","breadcrumb":{"@id":"https:\/\/lesgitesdesabine.fr\/index.php\/gites\/#breadcrumb"},"inLanguage":"fr-FR","potentialAction":[{"@type":"ReadAction","target":["https:\/\/lesgitesdesabine.fr\/index.php\/gites\/"]}]},{"@type":"ImageObject","inLanguage":"fr-FR","@id":"https:\/\/lesgitesdesabine.fr\/index.php\/gites\/#primaryimage","url":"https:\/\/lesgitesdesabine.fr\/wp-content\/uploads\/2024\/06\/Cabanon-Garagai-2.jpg","contentUrl":"https:\/\/lesgitesdesabine.fr\/wp-content\/uploads\/2024\/06\/Cabanon-Garagai-2.jpg","width":1000,"height":1000,"caption":"Cabanon Garaga\u00ef"},{"@type":"BreadcrumbList","@id":"https:\/\/lesgitesdesabine.fr\/index.php\/gites\/#breadcrumb","itemListElement":[{"@type":"ListItem","position":1,"name":"Accueil","item":"https:\/\/lesgitesdesabine.fr\/"},{"@type":"ListItem","position":2,"name":"G\u00eetes"}]},{"@type":"WebSite","@id":"https:\/\/lesgitesdesabine.fr\/#website","url":"https:\/\/lesgitesdesabine.fr\/","name":"Les G\u00eetes de Sabine","description":"G\u00eetes Meyreuil Aix-en-Provence","publisher":{"@id":"https:\/\/lesgitesdesabine.fr\/#organization"},"potentialAction":[{"@type":"SearchAction","target":{"@type":"EntryPoint","urlTemplate":"https:\/\/lesgitesdesabine.fr\/?s={search_term_string}"},"query-input":{"@type":"PropertyValueSpecification","valueRequired":true,"valueName":"search_term_string"}}],"inLanguage":"fr-FR"},{"@type":"Organization","@id":"https:\/\/lesgitesdesabine.fr\/#organization","name":"Les G\u00eetes de Sabine","url":"https:\/\/lesgitesdesabine.fr\/","logo":{"@type":"ImageObject","inLanguage":"fr-FR","@id":"https:\/\/lesgitesdesabine.fr\/#\/schema\/logo\/image\/","url":"https:\/\/lesgitesdesabine.fr\/wp-content\/uploads\/2024\/02\/Icone-Gites-de-Sabine.png","contentUrl":"https:\/\/lesgitesdesabine.fr\/wp-content\/uploads\/2024\/02\/Icone-Gites-de-Sabine.png","width":550,"height":550,"caption":"Les G\u00eetes de Sabine"},"image":{"@id":"https:\/\/lesgitesdesabine.fr\/#\/schema\/logo\/image\/"}}]}},"_links":{"self":[{"href":"https:\/\/lesgitesdesabine.fr\/index.php\/wp-json\/wp\/v2\/pages\/160","targetHints":{"allow":["GET"]}}],"collection":[{"href":"https:\/\/lesgitesdesabine.fr\/index.php\/wp-json\/wp\/v2\/pages"}],"about":[{"href":"https:\/\/lesgitesdesabine.fr\/index.php\/wp-json\/wp\/v2\/types\/page"}],"author":[{"embeddable":true,"href":"https:\/\/lesgitesdesabine.fr\/index.php\/wp-json\/wp\/v2\/users\/1"}],"replies":[{"embeddable":true,"href":"https:\/\/lesgitesdesabine.fr\/index.php\/wp-json\/wp\/v2\/comments?post=160"}],"version-history":[{"count":144,"href":"https:\/\/lesgitesdesabine.fr\/index.php\/wp-json\/wp\/v2\/pages\/160\/revisions"}],"predecessor-version":[{"id":1921,"href":"https:\/\/lesgitesdesabine.fr\/index.php\/wp-json\/wp\/v2\/pages\/160\/revisions\/1921"}],"wp:featuredmedia":[{"embeddable":true,"href":"https:\/\/lesgitesdesabine.fr\/index.php\/wp-json\/wp\/v2\/media\/1686"}],"wp:attachment":[{"href":"https:\/\/lesgitesdesabine.fr\/index.php\/wp-json\/wp\/v2\/media?parent=160"}],"curies":[{"name":"wp","href":"https:\/\/api.w.org\/{rel}","templated":true}]}}