{"id":1394,"date":"2024-04-03T11:46:50","date_gmt":"2024-04-03T09:46:50","guid":{"rendered":"https:\/\/lesgitesdesabine.fr\/?page_id=1394"},"modified":"2026-01-27T17:52:05","modified_gmt":"2026-01-27T16:52:05","slug":"reglement-interieur","status":"publish","type":"page","link":"https:\/\/lesgitesdesabine.fr\/index.php\/reglement-interieur\/","title":{"rendered":"R\u00e8glement int\u00e9rieur"},"content":{"rendered":"<p>[et_pb_section fb_built=\u00a0\u00bb1&Prime; _builder_version=\u00a0\u00bb4.23.4&Prime; _module_preset=\u00a0\u00bbdefault\u00a0\u00bb custom_padding=\u00a0\u00bb0px||0px|||\u00a0\u00bb global_colors_info=\u00a0\u00bb{}\u00a0\u00bb][et_pb_row _builder_version=\u00a0\u00bb4.23.4&Prime; _module_preset=\u00a0\u00bbdefault\u00a0\u00bb custom_padding=\u00a0\u00bb||5px|||\u00a0\u00bb animation_style=\u00a0\u00bbfade\u00a0\u00bb global_colors_info=\u00a0\u00bb{}\u00a0\u00bb][et_pb_column type=\u00a0\u00bb4_4&Prime; _builder_version=\u00a0\u00bb4.23.4&Prime; _module_preset=\u00a0\u00bbdefault\u00a0\u00bb global_colors_info=\u00a0\u00bb{}\u00a0\u00bb][dsm_button button_one_text=\u00a0\u00bbRetour\u00a0\u00bb button_one_url=\u00a0\u00bbhttps:\/\/lesgitesdesabine.fr\/\u00a0\u00bb button_alignment=\u00a0\u00bbleft\u00a0\u00bb disabled_on=\u00a0\u00bboff|off|off\u00a0\u00bb _builder_version=\u00a0\u00bb4.23.4&Prime; _module_preset=\u00a0\u00bbdefault\u00a0\u00bb custom_button_one=\u00a0\u00bbon\u00a0\u00bb button_one_text_size=\u00a0\u00bb19px\u00a0\u00bb button_one_text_color=\u00a0\u00bb#FFFFFF\u00a0\u00bb button_one_bg_color=\u00a0\u00bb#5f8151&Prime; button_one_border_color=\u00a0\u00bb#5f8151&Prime; button_one_font=\u00a0\u00bbEB Garamond||||||||\u00a0\u00bb button_one_icon=\u00a0\u00bb&#x34;||divi||400&Prime; button_one_icon_placement=\u00a0\u00bbleft\u00a0\u00bb custom_margin=\u00a0\u00bb||23px||false|false\u00a0\u00bb global_colors_info=\u00a0\u00bb{}\u00a0\u00bb button_one_text_color__hover_enabled=\u00a0\u00bboff|desktop\u00a0\u00bb button_one_bg_color__hover_enabled=\u00a0\u00bboff|desktop\u00a0\u00bb button_one_bg_color__hover=\u00a0\u00bbRGBA(255,255,255,0)\u00a0\u00bb button_one_bg_enable_color__hover=\u00a0\u00bbon\u00a0\u00bb button_one_border_color__hover_enabled=\u00a0\u00bboff|desktop\u00a0\u00bb button_one_border_color__hover=\u00a0\u00bbRGBA(255,255,255,0)\u00a0\u00bb button_one_text_color__hover=\u00a0\u00bb#FFFFFF\u00a0\u00bb][\/dsm_button][et_pb_text _builder_version=\u00a0\u00bb4.23.4&Prime; _module_preset=\u00a0\u00bbdefault\u00a0\u00bb header_font=\u00a0\u00bbEB Garamond||||||||\u00a0\u00bb header_text_align=\u00a0\u00bbcenter\u00a0\u00bb header_text_color=\u00a0\u00bb#5f8151&Prime; custom_margin=\u00a0\u00bb||10px|||\u00a0\u00bb global_colors_info=\u00a0\u00bb{}\u00a0\u00bb]<\/p>\n<h1>R\u00e8glement Int\u00e9rieur des g\u00eetes<\/h1>\n<p>[\/et_pb_text][et_pb_text _builder_version=\u00a0\u00bb4.23.4&Prime; _module_preset=\u00a0\u00bbdefault\u00a0\u00bb text_font=\u00a0\u00bbEB Garamond||||||||\u00a0\u00bb text_text_color=\u00a0\u00bb#000000&Prime; text_font_size=\u00a0\u00bb20px\u00a0\u00bb text_line_height=\u00a0\u00bb1.4em\u00a0\u00bb text_orientation=\u00a0\u00bbcenter\u00a0\u00bb custom_margin=\u00a0\u00bb||-1px|||\u00a0\u00bb custom_padding=\u00a0\u00bb||23px|||\u00a0\u00bb global_colors_info=\u00a0\u00bb{}\u00a0\u00bb]<\/p>\n<p style=\"text-align: center;\">Un r\u00e8glement n\u2019est jamais dr\u00f4le, il est fait pour le bien de tous et doit \u00eatre respecte\u0301 par tous.<\/p>\n<p style=\"text-align: left;\"><strong>Article 1<\/strong> \u2013 L\u2019eau, c\u2019est la vie : L\u2019eau qui sort des robinets est potable, elle est pr\u00e9cieuse. E\u0301conomisons-la\u00a0! Faites attention aux enfants et \u00e0 l&rsquo;eau chaude lors des temps de douche.<\/p>\n<p style=\"text-align: left;\"><strong>Article 2<\/strong> \u2013 -Il est absolument interdit d\u2019allumer le BBQ les jours de grand vent<\/p>\n<p style=\"text-align: left;\"><u>En Provence le risque d\u2019incendie de for\u00eat est important\u00a0!<\/u><\/p>\n<ul style=\"text-align: left;\">\n<li><strong>Le barbecue doit \u00eatre nettoy\u00e9 avant votre d\u00e9part<\/strong>, un seau en m\u00e9tal est votre disposition pour les cendres sous le BBQ.<\/li>\n<\/ul>\n<p style=\"text-align: left;\"><strong>Article 3<\/strong> \u2013\u00a0<strong>R\u00e8gles concernant le BRUIT\u00a0:\u00a0FAITES PREUVE DE BON SENS et respectez les autres. Le repos et la tranquillit\u00e9 du voisinage sont prioritaires<\/strong>.<\/p>\n<p style=\"text-align: left;\">Ne rien faire qui, de son fait ou du fait de sa famille ou de ses relations, puisse nuire a\u0300 la tranquillit\u00e9\u0301 du voisinage, en \u00e9vitant les bruits excessifs ou tout autre nuisance en journ\u00e9e et tout particuli\u00e8rement la nuit.<\/p>\n<p style=\"text-align: left;\"><strong><u>Le silence doit \u00eatre de rigueur entre 22 h et 8 h.<\/u><\/strong><\/p>\n<p style=\"text-align: left;\"><strong><u>La diffusion de musique \u00e0 l\u2019ext\u00e9rieur n\u2019est pas autoris\u00e9e de jour comme de nuit .<\/u><\/strong><\/p>\n<p style=\"text-align: left;\">Le locataire assurera lui-m\u00eame le contr\u00f4le des incidences n\u00e9es de sa location aux abords du g\u00eete.<\/p>\n<p style=\"text-align: left;\">Les soir\u00e9es \u00e9tudiantes, les techno parties et autres \u00e9v\u00e9nements sont strictement interdits !<\/p>\n<p style=\"text-align: left;\">Vous l\u2019aurez compris, vous \u00eates dans un lieu r\u00e9sidentiel ou le calme est de rigueur.<\/p>\n<p style=\"text-align: left;\"><strong><u><\/u><\/strong><\/p>\n<p style=\"text-align: left;\"><strong>Article 5<\/strong>\u00a0\u2013 La casse : Le cas \u00e9ch\u00e9ant, signalez toute d\u00e9t\u00e9rioration durant votre s\u00e9jour. Informez imm\u00e9diatement le propri\u00e9taire de tout sinistre et des d\u00e9gradations se produisant dans les lieux lou\u00e9s.<\/p>\n<p style=\"text-align: left;\"><strong>Article 6 <\/strong>\u2013 Entretien des lieux lou\u00e9s :\u00a0<strong>N\u2019oubliez pas que le g\u00eete doit \u00eatre rendu propre et bien range\u0301 a\u0300 votre d\u00e9part<\/strong> (Le locataire est tenu d\u2019entretenir les lieux lou\u00e9s et de les rendre en bon \u00e9tat de propret\u00e9\u0301).<\/p>\n<p style=\"text-align: left;\">Le forfait m\u00e9nage n\u2019inclut pas le nettoyage de la cuisine ni le rangement du g\u00eete.<\/p>\n<p style=\"text-align: left;\">La vaisselle devra \u00eatre nettoy\u00e9e et rang\u00e9e \u00e0 sa place d\u2019origine (suivre les \u00e9tiquettes sur les placards), le frigidaire devra \u00eatre vid\u00e9 et propre, le four et la gazini\u00e8re nettoy\u00e9s, le lave-vaisselle vid\u00e9 ou en cours de lavage. Le sol doit \u00eatre propre.<\/p>\n<p style=\"text-align: left;\">Les poubelles devront \u00eatre vid\u00e9es. Le mobilier devra \u00eatre replac\u00e9 \u00e0 son endroit d\u2019origine. Les draps (draps housse, housse de couette et taies) devront \u00eatre retir\u00e9s des lits \u00e0 votre d\u00e9part. Les grilles des barbecues devront \u00eatre nettoy\u00e9es.<\/p>\n<p style=\"text-align: left;\">Dans le cas contraire un compl\u00e9ment m\u00e9nage de 100\u20ac peut\u00a0 \u00eatre\u00a0 demand\u00e9.<\/p>\n<p style=\"text-align: left;\"><strong>Article 7<\/strong> \u2013 En tant qu\u2019usagers, vous \u00eates responsables financi\u00e8rement de toutes les d\u00e9gradations caus\u00e9es par vos faits et gestes. Vous restez responsables de tous les incidents ou accidents qui pourraient survenir a\u0300 vous-m\u00eame ou aux tiers.<\/p>\n<p style=\"text-align: left;\">Se conformer \u00e0 une utilisation normale des lieux.<\/p>\n<p style=\"text-align: left;\"><strong>Article 8<\/strong>\u00a0\u2013 Parkings :\u00a0<strong>Les v\u00e9hicules devront \u00eatre stationn\u00e9s \u00e0 l\u2019int\u00e9rieur de la propri\u00e9t\u00e9\u00a0<\/strong>! Il est interdit de se garer dans la rue (risque de contravention).<\/p>\n<p style=\"text-align: left;\"><strong>Article 9<\/strong>\u00a0\u2013 Cl\u00e9s : La porte d&rsquo;entr\u00e9e du g\u00eete est munie de serrure a\u0300 cl\u00e9s. Lors de toute sortie du g\u00eete, vous \u00eates tenus de fermer les lieux. Le g\u00eete d\u00e9cline toute responsabilit\u00e9\u0301 en cas de vol.<\/p>\n<p style=\"text-align: left;\"><strong>Article 10<\/strong>\u00a0\u2013<strong>\u00a0Ordures m\u00e9nag\u00e8res\u00a0<\/strong>:<\/p>\n<p style=\"text-align: left;\">Des poubelles de tri sont mises a\u0300 disposition sur le parking.<\/p>\n<ul style=\"text-align: left;\">\n<li><strong>La verte <\/strong>pour les ordures m\u00e9nag\u00e8res\u00a0<strong>\u00e0 sortir devant le portail les dimanche et mercredi soir.<\/strong><\/li>\n<li><strong>La jaune <\/strong>pour le tri-s\u00e9lectif\u00a0: carton plastique emballage\u00a0<strong>\u00e0 sortir le mardi soir.<\/strong><\/li>\n<li><strong>Conteneur \u00e0 verre<\/strong> au village pr\u00e8s du cimeti\u00e8re (1 min en voiture)<\/li>\n<\/ul>\n<p style=\"text-align: left;\"><strong>Article 11<\/strong> \u2013 La chemin\u00e9e int\u00e9rieure est hors service. NE PAS L\u2019UTILISER.<\/p>\n<p style=\"text-align: left;\"><strong>Article 12<\/strong> \u2013 Eau, \u00e9lectricit\u00e9\u0301, chauffage et climatisation :<\/p>\n<p style=\"text-align: left;\">La fourniture en l&rsquo;eau, en l\u2019\u00e9lectricit\u00e9\u0301 est incluse dans le prix de la location.<\/p>\n<p style=\"text-align: left;\">Le chauffage et la climatisation sont \u00e0 utiliser avec bon sens.<\/p>\n<ul style=\"text-align: left;\">\n<li>Ne pas laisser la climatisation avec les fen\u00eatres ouvertes. Une temp\u00e9rature de climatisation de 25\u00b0C reste convenable pour une consommation \u00e9co-responsable lors des fortes chaleurs estivales.<\/li>\n<li>L\u2019hiver la temp\u00e9rature du chauffage est programm\u00e9e. Veillez \u00e0 ne rien modifier.<\/li>\n<\/ul>\n<p style=\"text-align: left;\">En Provence, nous pallions aux fortes chaleurs en croisant les volets et fermant les fen\u00eatres pour ne pas faire entrer les 40 \u00b0c dans la maison.<\/p>\n<p style=\"text-align: left;\">En soir\u00e9e, nous ouvrons fen\u00eatres et volets pour faire rentrer la fra\u00eecheur.<\/p>\n<p style=\"text-align: left;\">La nuit, pour bien dormir, il est conseill\u00e9 d\u2019ouvrir les fen\u00eatres et de croiser les volets, ceci \u00e9vite d\u2019utiliser la climatisation.<\/p>\n<p style=\"text-align: left;\">Le matin au r\u00e9veil, pensez \u00e0 tout refermer d\u00e8s que le soleil recommence \u00e0 chauffer.<\/p>\n<p style=\"text-align: left;\"><strong>Article 13<\/strong> \u2013 <strong>Utilisation de la piscine<\/strong>\u00a0:<\/p>\n<p style=\"text-align: left;\">La baignade se pratique sous votre enti\u00e8re responsabilit\u00e9\u0301. Il est interdit de laisser la porte d&rsquo;acc\u00e8s ouverte.<strong>\u00a0Les enfants ne doivent jamais \u00eatre laiss\u00e9s seuls et sans surveillance dans l\u2019enceinte de la piscine.<\/strong><\/p>\n<p style=\"text-align: left;\"><strong>Aux abords de la piscine lors de votre bain merci de faire attention au bruit<\/strong>. En g\u00e9n\u00e9ral on parle plus fort et l\u2019on ne se rend pas compte des nuisances perp\u00e9tu\u00e9es au d\u00e9triment des voisins. Merci d\u2019en prendre note.<\/p>\n<p style=\"text-align: left;\"><strong>Article 14<\/strong> \u2013 Utilisation des lieux<\/p>\n<p style=\"text-align: left;\">Le locataire devra assurer le caract\u00e8re paisible de la location et en faire usage conform\u00e9ment \u00e0 la destination des lieux.<\/p>\n<p style=\"text-align: left;\">Le g\u00eete est destin\u00e9 uniquement \u00e0 l\u2019usage d\u2019habitation de loisir \u00e0 l\u2019exclusion de tout autre usage.<\/p>\n<p style=\"text-align: left;\"><strong><u>L\u2019acc\u00e8s est limit\u00e9 aux personnes r\u00e9sidentes.<\/u><\/strong><\/p>\n<p style=\"text-align: left;\"><strong>Article 15<\/strong> \u2013 Fumeur<\/p>\n<p style=\"text-align: left;\">Il est formellement interdit de fumer \u00e0 l\u2019int\u00e9rieur du g\u00eete. Veuillez utiliser les cendriers pr\u00e9vus \u00e0 l&rsquo;ext\u00e9rieur. Pensez \u00e0 les vider et les nettoyer avant votre d\u00e9part.<\/p>\n<p style=\"text-align: center;\">Gardez \u00e0 l\u2019esprit que les personnes qui vivent dans ce quartier l\u2019ont choisi pour son calme et sa s\u00e9r\u00e9nit\u00e9.<\/p>\n<p style=\"text-align: center;\">Ils entretiennent \u00ab\u00a0un bon vivre ensemble\u00a0\u00bb tout au long de l\u2019ann\u00e9e.<\/p>\n<p style=\"text-align: center;\">Gardez \u00e0 l\u2019esprit que vous n\u2019\u00eates que de passage.<\/p>\n<p style=\"text-align: center;\">Respectez-les.<\/p>\n<p style=\"text-align: center;\">Merci<\/p>\n<p style=\"text-align: center;\">Nous vous souhaitons un agr\u00e9able s\u00e9jour\u00a0!<\/p>\n<p>&nbsp;<\/p>\n<p>[\/et_pb_text][\/et_pb_column][\/et_pb_row][\/et_pb_section][et_pb_section fb_built=\u00a0\u00bb1&Prime; _builder_version=\u00a0\u00bb4.21.0&Prime; _module_preset=\u00a0\u00bbdefault\u00a0\u00bb custom_padding=\u00a0\u00bb0px||0px|||\u00a0\u00bb global_colors_info=\u00a0\u00bb{}\u00a0\u00bb][\/et_pb_section]<\/p>\n","protected":false},"excerpt":{"rendered":"<p><div class=\"et_pb_module dsm_button dsm_button_0 et_pb_bg_layout_light\">\n\t\t\t\t\n\t\t\t\t\n\t\t\t\t\n\t\t\t\t\n\t\t\t\t\n\t\t\t\t\n\t\t\t\t<div class=\"et_pb_module_inner\">\n\t\t\t\t\t<div class=\"et_pb_button_module_wrappers dsm_button_0_wrapper et_pb_button_alignment_left et_pb_module\">\n\t\t\t\t<a class=\"et_pb_button et_pb_button_one et_pb_custom_button_icon et_pb_bg_layout_light dsm-none \"  href=https:\/\/lesgitesdesabine.fr\/ data-icon=\"&#x34;\" data-dsm-lightbox-id=\"dsm_button_one_lightbox dsm_button_0\"><span>Retour<\/span><\/a>\n\t\t\t<\/div>\n\t\t\t\t<\/div>\n\t\t\t<\/div>R\u00e8glement Int\u00e9rieur des g\u00eetesUn r\u00e8glement n\u2019est jamais dr\u00f4le, il est fait pour le bien de tous et doit \u00eatre respecte\u0301 par tous. Article 1 \u2013 L\u2019eau, c\u2019est la vie : L\u2019eau qui sort des robinets est potable, elle est pr\u00e9cieuse. E\u0301conomisons-la\u00a0! Faites attention aux enfants et \u00e0 l&rsquo;eau chaude lors des temps de douche. Article 2 \u2013 -Il est absolument interdit d\u2019allumer le BBQ les jours de grand vent En Provence le risque d\u2019incendie de for\u00eat est important\u00a0! Le barbecue doit \u00eatre nettoy\u00e9 avant votre d\u00e9part, un seau en m\u00e9tal est votre disposition pour les cendres sous le BBQ. Article 3 \u2013\u00a0R\u00e8gles concernant le BRUIT\u00a0:\u00a0FAITES PREUVE DE BON SENS et respectez les autres. Le repos et la tranquillit\u00e9 du voisinage sont prioritaires. Ne rien faire qui, de son fait ou du fait de sa famille ou de ses relations, puisse nuire a\u0300 la tranquillit\u00e9\u0301 du voisinage, en \u00e9vitant les bruits excessifs ou tout autre nuisance en journ\u00e9e et tout particuli\u00e8rement la nuit. Le silence doit \u00eatre de rigueur entre 22 h et 8 h. La diffusion [&hellip;]<\/p>\n","protected":false},"author":1,"featured_media":0,"parent":0,"menu_order":0,"comment_status":"closed","ping_status":"closed","template":"","meta":{"_et_pb_use_builder":"on","_et_pb_old_content":"","_et_gb_content_width":"","_monsterinsights_skip_tracking":false,"_monsterinsights_sitenote_active":false,"_monsterinsights_sitenote_note":"","_monsterinsights_sitenote_category":0,"footnotes":""},"class_list":["post-1394","page","type-page","status-publish","hentry"],"yoast_head":"<!-- This site is optimized with the Yoast SEO plugin v27.4 - https:\/\/yoast.com\/product\/yoast-seo-wordpress\/ -->\n<title>R\u00e8glement int\u00e9rieur - Les G\u00eetes de Sabine<\/title>\n<meta name=\"robots\" content=\"noindex, follow\" \/>\n<meta property=\"og:locale\" content=\"fr_FR\" \/>\n<meta property=\"og:type\" content=\"article\" \/>\n<meta property=\"og:title\" content=\"R\u00e8glement int\u00e9rieur - Les G\u00eetes de Sabine\" \/>\n<meta property=\"og:description\" content=\"R\u00e8glement Int\u00e9rieur des g\u00eetesUn r\u00e8glement n\u2019est jamais dr\u00f4le, il est fait pour le bien de tous et doit \u00eatre respecte\u0301 par tous. Article 1 \u2013 L\u2019eau, c\u2019est la vie : L\u2019eau qui sort des robinets est potable, elle est pr\u00e9cieuse. E\u0301conomisons-la\u00a0! Faites attention aux enfants et \u00e0 l&#039;eau chaude lors des temps de douche. Article 2 \u2013 -Il est absolument interdit d\u2019allumer le BBQ les jours de grand vent En Provence le risque d\u2019incendie de for\u00eat est important\u00a0! Le barbecue doit \u00eatre nettoy\u00e9 avant votre d\u00e9part, un seau en m\u00e9tal est votre disposition pour les cendres sous le BBQ. Article 3 \u2013\u00a0R\u00e8gles concernant le BRUIT\u00a0:\u00a0FAITES PREUVE DE BON SENS et respectez les autres. Le repos et la tranquillit\u00e9 du voisinage sont prioritaires. Ne rien faire qui, de son fait ou du fait de sa famille ou de ses relations, puisse nuire a\u0300 la tranquillit\u00e9\u0301 du voisinage, en \u00e9vitant les bruits excessifs ou tout autre nuisance en journ\u00e9e et tout particuli\u00e8rement la nuit. Le silence doit \u00eatre de rigueur entre 22 h et 8 h. La diffusion [&hellip;]\" \/>\n<meta property=\"og:url\" content=\"https:\/\/lesgitesdesabine.fr\/index.php\/reglement-interieur\/\" \/>\n<meta property=\"og:site_name\" content=\"Les G\u00eetes de Sabine\" \/>\n<meta property=\"article:modified_time\" content=\"2026-01-27T16:52:05+00:00\" \/>\n<meta name=\"twitter:card\" content=\"summary_large_image\" \/>\n<meta name=\"twitter:label1\" content=\"Dur\u00e9e de lecture estim\u00e9e\" \/>\n\t<meta name=\"twitter:data1\" content=\"5 minutes\" \/>\n<script type=\"application\/ld+json\" class=\"yoast-schema-graph\">{\"@context\":\"https:\\\/\\\/schema.org\",\"@graph\":[{\"@type\":\"WebPage\",\"@id\":\"https:\\\/\\\/lesgitesdesabine.fr\\\/index.php\\\/reglement-interieur\\\/\",\"url\":\"https:\\\/\\\/lesgitesdesabine.fr\\\/index.php\\\/reglement-interieur\\\/\",\"name\":\"R\u00e8glement int\u00e9rieur - Les G\u00eetes de Sabine\",\"isPartOf\":{\"@id\":\"https:\\\/\\\/lesgitesdesabine.fr\\\/#website\"},\"datePublished\":\"2024-04-03T09:46:50+00:00\",\"dateModified\":\"2026-01-27T16:52:05+00:00\",\"breadcrumb\":{\"@id\":\"https:\\\/\\\/lesgitesdesabine.fr\\\/index.php\\\/reglement-interieur\\\/#breadcrumb\"},\"inLanguage\":\"fr-FR\",\"potentialAction\":[{\"@type\":\"ReadAction\",\"target\":[\"https:\\\/\\\/lesgitesdesabine.fr\\\/index.php\\\/reglement-interieur\\\/\"]}]},{\"@type\":\"BreadcrumbList\",\"@id\":\"https:\\\/\\\/lesgitesdesabine.fr\\\/index.php\\\/reglement-interieur\\\/#breadcrumb\",\"itemListElement\":[{\"@type\":\"ListItem\",\"position\":1,\"name\":\"Accueil\",\"item\":\"https:\\\/\\\/lesgitesdesabine.fr\\\/\"},{\"@type\":\"ListItem\",\"position\":2,\"name\":\"R\u00e8glement int\u00e9rieur\"}]},{\"@type\":\"WebSite\",\"@id\":\"https:\\\/\\\/lesgitesdesabine.fr\\\/#website\",\"url\":\"https:\\\/\\\/lesgitesdesabine.fr\\\/\",\"name\":\"Les G\u00eetes de Sabine\",\"description\":\"G\u00eetes Meyreuil Aix-en-Provence\",\"publisher\":{\"@id\":\"https:\\\/\\\/lesgitesdesabine.fr\\\/#organization\"},\"potentialAction\":[{\"@type\":\"SearchAction\",\"target\":{\"@type\":\"EntryPoint\",\"urlTemplate\":\"https:\\\/\\\/lesgitesdesabine.fr\\\/?s={search_term_string}\"},\"query-input\":{\"@type\":\"PropertyValueSpecification\",\"valueRequired\":true,\"valueName\":\"search_term_string\"}}],\"inLanguage\":\"fr-FR\"},{\"@type\":\"Organization\",\"@id\":\"https:\\\/\\\/lesgitesdesabine.fr\\\/#organization\",\"name\":\"Les G\u00eetes de Sabine\",\"url\":\"https:\\\/\\\/lesgitesdesabine.fr\\\/\",\"logo\":{\"@type\":\"ImageObject\",\"inLanguage\":\"fr-FR\",\"@id\":\"https:\\\/\\\/lesgitesdesabine.fr\\\/#\\\/schema\\\/logo\\\/image\\\/\",\"url\":\"https:\\\/\\\/lesgitesdesabine.fr\\\/wp-content\\\/uploads\\\/2024\\\/02\\\/Icone-Gites-de-Sabine.png\",\"contentUrl\":\"https:\\\/\\\/lesgitesdesabine.fr\\\/wp-content\\\/uploads\\\/2024\\\/02\\\/Icone-Gites-de-Sabine.png\",\"width\":550,\"height\":550,\"caption\":\"Les G\u00eetes de Sabine\"},\"image\":{\"@id\":\"https:\\\/\\\/lesgitesdesabine.fr\\\/#\\\/schema\\\/logo\\\/image\\\/\"}}]}<\/script>\n<!-- \/ Yoast SEO plugin. -->","yoast_head_json":{"title":"R\u00e8glement int\u00e9rieur - Les G\u00eetes de Sabine","robots":{"index":"noindex","follow":"follow"},"og_locale":"fr_FR","og_type":"article","og_title":"R\u00e8glement int\u00e9rieur - Les G\u00eetes de Sabine","og_description":"R\u00e8glement Int\u00e9rieur des g\u00eetesUn r\u00e8glement n\u2019est jamais dr\u00f4le, il est fait pour le bien de tous et doit \u00eatre respecte\u0301 par tous. Article 1 \u2013 L\u2019eau, c\u2019est la vie : L\u2019eau qui sort des robinets est potable, elle est pr\u00e9cieuse. E\u0301conomisons-la\u00a0! Faites attention aux enfants et \u00e0 l'eau chaude lors des temps de douche. Article 2 \u2013 -Il est absolument interdit d\u2019allumer le BBQ les jours de grand vent En Provence le risque d\u2019incendie de for\u00eat est important\u00a0! Le barbecue doit \u00eatre nettoy\u00e9 avant votre d\u00e9part, un seau en m\u00e9tal est votre disposition pour les cendres sous le BBQ. Article 3 \u2013\u00a0R\u00e8gles concernant le BRUIT\u00a0:\u00a0FAITES PREUVE DE BON SENS et respectez les autres. Le repos et la tranquillit\u00e9 du voisinage sont prioritaires. Ne rien faire qui, de son fait ou du fait de sa famille ou de ses relations, puisse nuire a\u0300 la tranquillit\u00e9\u0301 du voisinage, en \u00e9vitant les bruits excessifs ou tout autre nuisance en journ\u00e9e et tout particuli\u00e8rement la nuit. Le silence doit \u00eatre de rigueur entre 22 h et 8 h. La diffusion [&hellip;]","og_url":"https:\/\/lesgitesdesabine.fr\/index.php\/reglement-interieur\/","og_site_name":"Les G\u00eetes de Sabine","article_modified_time":"2026-01-27T16:52:05+00:00","twitter_card":"summary_large_image","twitter_misc":{"Dur\u00e9e de lecture estim\u00e9e":"5 minutes"},"schema":{"@context":"https:\/\/schema.org","@graph":[{"@type":"WebPage","@id":"https:\/\/lesgitesdesabine.fr\/index.php\/reglement-interieur\/","url":"https:\/\/lesgitesdesabine.fr\/index.php\/reglement-interieur\/","name":"R\u00e8glement int\u00e9rieur - Les G\u00eetes de Sabine","isPartOf":{"@id":"https:\/\/lesgitesdesabine.fr\/#website"},"datePublished":"2024-04-03T09:46:50+00:00","dateModified":"2026-01-27T16:52:05+00:00","breadcrumb":{"@id":"https:\/\/lesgitesdesabine.fr\/index.php\/reglement-interieur\/#breadcrumb"},"inLanguage":"fr-FR","potentialAction":[{"@type":"ReadAction","target":["https:\/\/lesgitesdesabine.fr\/index.php\/reglement-interieur\/"]}]},{"@type":"BreadcrumbList","@id":"https:\/\/lesgitesdesabine.fr\/index.php\/reglement-interieur\/#breadcrumb","itemListElement":[{"@type":"ListItem","position":1,"name":"Accueil","item":"https:\/\/lesgitesdesabine.fr\/"},{"@type":"ListItem","position":2,"name":"R\u00e8glement int\u00e9rieur"}]},{"@type":"WebSite","@id":"https:\/\/lesgitesdesabine.fr\/#website","url":"https:\/\/lesgitesdesabine.fr\/","name":"Les G\u00eetes de Sabine","description":"G\u00eetes Meyreuil Aix-en-Provence","publisher":{"@id":"https:\/\/lesgitesdesabine.fr\/#organization"},"potentialAction":[{"@type":"SearchAction","target":{"@type":"EntryPoint","urlTemplate":"https:\/\/lesgitesdesabine.fr\/?s={search_term_string}"},"query-input":{"@type":"PropertyValueSpecification","valueRequired":true,"valueName":"search_term_string"}}],"inLanguage":"fr-FR"},{"@type":"Organization","@id":"https:\/\/lesgitesdesabine.fr\/#organization","name":"Les G\u00eetes de Sabine","url":"https:\/\/lesgitesdesabine.fr\/","logo":{"@type":"ImageObject","inLanguage":"fr-FR","@id":"https:\/\/lesgitesdesabine.fr\/#\/schema\/logo\/image\/","url":"https:\/\/lesgitesdesabine.fr\/wp-content\/uploads\/2024\/02\/Icone-Gites-de-Sabine.png","contentUrl":"https:\/\/lesgitesdesabine.fr\/wp-content\/uploads\/2024\/02\/Icone-Gites-de-Sabine.png","width":550,"height":550,"caption":"Les G\u00eetes de Sabine"},"image":{"@id":"https:\/\/lesgitesdesabine.fr\/#\/schema\/logo\/image\/"}}]}},"_links":{"self":[{"href":"https:\/\/lesgitesdesabine.fr\/index.php\/wp-json\/wp\/v2\/pages\/1394","targetHints":{"allow":["GET"]}}],"collection":[{"href":"https:\/\/lesgitesdesabine.fr\/index.php\/wp-json\/wp\/v2\/pages"}],"about":[{"href":"https:\/\/lesgitesdesabine.fr\/index.php\/wp-json\/wp\/v2\/types\/page"}],"author":[{"embeddable":true,"href":"https:\/\/lesgitesdesabine.fr\/index.php\/wp-json\/wp\/v2\/users\/1"}],"replies":[{"embeddable":true,"href":"https:\/\/lesgitesdesabine.fr\/index.php\/wp-json\/wp\/v2\/comments?post=1394"}],"version-history":[{"count":18,"href":"https:\/\/lesgitesdesabine.fr\/index.php\/wp-json\/wp\/v2\/pages\/1394\/revisions"}],"predecessor-version":[{"id":1916,"href":"https:\/\/lesgitesdesabine.fr\/index.php\/wp-json\/wp\/v2\/pages\/1394\/revisions\/1916"}],"wp:attachment":[{"href":"https:\/\/lesgitesdesabine.fr\/index.php\/wp-json\/wp\/v2\/media?parent=1394"}],"curies":[{"name":"wp","href":"https:\/\/api.w.org\/{rel}","templated":true}]}}